{"id":106,"date":"2020-09-15T10:09:38","date_gmt":"2020-09-15T10:09:38","guid":{"rendered":"http:\/\/www.cspahroman.ro\/?page_id=106"},"modified":"2020-09-15T10:09:38","modified_gmt":"2020-09-15T10:09:38","slug":"consiliere-psihologica","status":"publish","type":"page","link":"http:\/\/www.crssroman.ro\/?page_id=106","title":{"rendered":"Consiliere psihologica"},"content":{"rendered":"\n<p>Activitatea\npsihologica din cadrul <strong><em>C.S.P.A.H. Roman<\/em><\/strong> se desfasoara prin:<\/p>\n\n\n\n<ul class=\"wp-block-list\"><li><strong>Consilierea\npsihologica<\/strong><\/li><\/ul>\n\n\n\n<p>Este o interven\u021bie psihologic\u0103 \u00een scopul optimiz\u0103rii,\nautocunoasterii si dezvoltarii personale sau in scopul preventiei si remiterii\nproblemelor emotionale, cognitive si de comportament.<\/p>\n\n\n\n<p>Consilierea are caracter formativ, se axeaza pe\ndezvoltarea unor abilitati practice sau personale, astfel urmarindu-se: autocunoasterea,\noptimizarea se dezvoltarea personala si adaptarea cat mai eficienta la mediul\nextern.<\/p>\n\n\n\n<p>\u00cen cadrul \u0219edin\u021belor de consiliere, psihologul\ncolaboreaz\u0103 cu beneficiarii ajut\u00e2ndu-i s\u0103 \u00een\u021beleag\u0103 mai bine \u0219i s\u0103 dep\u0103\u0219easc\u0103\ndiferite probleme emo\u021bionale, comportamentale, de adaptare la situa\u021bii\nstresante, promov\u00e2nd totodat\u0103 dezvoltarea personal\u0103 a beneficiarului precum \u0219i\n\u00eembun\u0103t\u0103\u021birea rela\u021biilor \u0219i a func\u021bion\u0103rii sociale.<\/p>\n\n\n\n<ul class=\"wp-block-list\"><li><strong>Consiliere suportiva<\/strong><\/li><\/ul>\n\n\n\n<p>Scopul terapiei suportive este redobandirea\nabilitatilor sociale, dobandirea unui sentiment de participare la viata\ncolectiva, intelegerea situatiei pe care o traverseaza, mobilizandu-si fortele\nadaptative intr-o atmosfera de acceptare si securitate.<\/p>\n\n\n\n<p>Terapia suportiva urmareste o educare si o\npermanenta incurajare a beneficiarului si de asemenea favorizarea descarcarii\nemotionale care duce in final la scaderea anxietatii.<\/p>\n\n\n\n<p>Aceasta consiliere se adreseaza celor cu boli\ncornice neuro-psihiatrice, in vederea acceptarii si adaptarii la noua situatie\nde viata.<\/p>\n\n\n\n<ul class=\"wp-block-list\"><li><strong>Consiliere cognitiva\n&#8211;&nbsp; comportamentala<\/strong><\/li><\/ul>\n\n\n\n<p>In cadrul consilierii cognitiv-comportamentale,\nbeneficiarii invata sa identifice, sa intrebe si sa schimbe ganduri, atitudini\nsi presupuneri legate de problemele emotionale si comportamentale fata de\nanumite situatii in care se afla.<\/p>\n\n\n\n<ul class=\"wp-block-list\"><li><strong>Activitati de\npsihoeducatie<\/strong><\/li><\/ul>\n\n\n\n<p>Psihoeducatia urmareste comunicarea si\nrelationarea eficienta, identificarea si gestionarea emotiilor, stabilirea\nrelatiilor interpersonale sanatoase din punct de vedere psihoemotional.<\/p>\n\n\n\n<ul class=\"wp-block-list\"><li><strong>Observatia directa si\nindirecta<\/strong><\/li><\/ul>\n\n\n\n<p>In cadrul observatiilor directe si indirecte,\nse urmaresc aspecte comportamentale, combaterea comportamentelor dezadaptative\nsi prevenirea agitatiei psiho motorie.<\/p>\n","protected":false},"excerpt":{"rendered":"<p class=\"text-justify\">Activitatea psihologica din cadrul C.S.P.A.H. Roman se desfasoara prin: Consilierea psihologica Este o interven\u021bie psihologic\u0103 \u00een scopul optimiz\u0103rii, autocunoasterii si dezvoltarii personale sau in scopul preventiei si remiterii problemelor emotionale, [&hellip;]<\/p>\n","protected":false},"author":1,"featured_media":0,"parent":0,"menu_order":0,"comment_status":"closed","ping_status":"closed","template":"","meta":{"footnotes":""},"class_list":["post-106","page","type-page","status-publish","hentry"],"_links":{"self":[{"href":"http:\/\/www.crssroman.ro\/index.php?rest_route=\/wp\/v2\/pages\/106","targetHints":{"allow":["GET"]}}],"collection":[{"href":"http:\/\/www.crssroman.ro\/index.php?rest_route=\/wp\/v2\/pages"}],"about":[{"href":"http:\/\/www.crssroman.ro\/index.php?rest_route=\/wp\/v2\/types\/page"}],"author":[{"embeddable":true,"href":"http:\/\/www.crssroman.ro\/index.php?rest_route=\/wp\/v2\/users\/1"}],"replies":[{"embeddable":true,"href":"http:\/\/www.crssroman.ro\/index.php?rest_route=%2Fwp%2Fv2%2Fcomments&post=106"}],"version-history":[{"count":1,"href":"http:\/\/www.crssroman.ro\/index.php?rest_route=\/wp\/v2\/pages\/106\/revisions"}],"predecessor-version":[{"id":107,"href":"http:\/\/www.crssroman.ro\/index.php?rest_route=\/wp\/v2\/pages\/106\/revisions\/107"}],"wp:attachment":[{"href":"http:\/\/www.crssroman.ro\/index.php?rest_route=%2Fwp%2Fv2%2Fmedia&parent=106"}],"curies":[{"name":"wp","href":"https:\/\/api.w.org\/{rel}","templated":true}]}}