{"id":82,"date":"2020-09-15T09:50:28","date_gmt":"2020-09-15T09:50:28","guid":{"rendered":"http:\/\/www.cspahroman.ro\/?page_id=82"},"modified":"2020-09-15T09:52:05","modified_gmt":"2020-09-15T09:52:05","slug":"acte-necesare-admiterii","status":"publish","type":"page","link":"http:\/\/www.crssroman.ro\/?page_id=82","title":{"rendered":"ACTE NECESARE ADMITERII"},"content":{"rendered":"\n<p>Solicitantii serviciilor sunt\nadmisi in <strong><em>Complexului de Servicii pentru Persoane Adulte cu Handicap Roman<\/em><\/strong> (in limita locurilor disponibile)\npe baza unui dosar, ce trebuie sa cuprinda urmatoarele documente:<\/p>\n\n\n\n<ol class=\"wp-block-list\"><li>document\u00a0 de\u00a0 identitate\u00a0 (\u00een copie) &#8211; respectiv carte de identitate\/buletin de identitate \u2013 cu viz\u0103 de domiciliu sau re\u015fedin\u0163\u0103 valabil\u0103;<\/li><li>documente de stare civil\u0103 (\u00een copie) &#8211; certificat de nastere, de c\u0103s\u0103torie sau de deces al apartin\u0103torului;<\/li><li>certificat de persoan\u0103 cu handicap (\u00een copie);<\/li><li>adeverint\u0103 de venit \u2013 eliberat\u0103 de administratia financiar\u0103 sau prim\u0103ria de domiciliu, dup\u0103 caz;<\/li><li>documente doveditoare a situatiei locative (\u00een copie) \u2013 contract cas\u0103 proprietate personal\u0103, copie act de donatie, copie contract v\u00e2nzare cump\u0103rare, copie act mostenire;<\/li><li>cupon de pensie, dac\u0103 este cazul \u2013 document de venit emis de casa jude\u0163ean\u0103 de pensii, care confirm\u0103 cuantumul \u015fi natura venitului persoanei ce doreste internarea;<\/li><li>raport de anchet\u0103 social\u0103 \u2013 efectuat\u0103 de serviciul social specializat din cadrul prim\u0103riei \u00een a c\u0103rei raz\u0103 \u00eesi are domiciliul sau re\u015fedin\u0163a persoana cu handicap care solicit\u0103 admitere \u00een centre publice rezidentiale;<\/li><li>investigatii paraclinice;<\/li><li>dovada eliberat\u0103 de serviciul specializat al prim\u0103riei \u00een a c\u0103rei raz\u0103 teritorial\u0103 \u00eesi are domiciliul sau resedinta persoana cu handicap, prin care se atest\u0103 c\u0103 acesteia nu i s-au putut asigura protectie si \u00eengrijire la domiciliu sau \u00een cadrul altor servicii din comunitate.<\/li><\/ol>\n","protected":false},"excerpt":{"rendered":"<p class=\"text-justify\">Solicitantii serviciilor sunt admisi in Complexului de Servicii pentru Persoane Adulte cu Handicap Roman (in limita locurilor disponibile) pe baza unui dosar, ce trebuie sa cuprinda urmatoarele documente: document\u00a0 de\u00a0 [&hellip;]<\/p>\n","protected":false},"author":1,"featured_media":0,"parent":0,"menu_order":0,"comment_status":"closed","ping_status":"closed","template":"","meta":{"footnotes":""},"class_list":["post-82","page","type-page","status-publish","hentry"],"_links":{"self":[{"href":"http:\/\/www.crssroman.ro\/index.php?rest_route=\/wp\/v2\/pages\/82","targetHints":{"allow":["GET"]}}],"collection":[{"href":"http:\/\/www.crssroman.ro\/index.php?rest_route=\/wp\/v2\/pages"}],"about":[{"href":"http:\/\/www.crssroman.ro\/index.php?rest_route=\/wp\/v2\/types\/page"}],"author":[{"embeddable":true,"href":"http:\/\/www.crssroman.ro\/index.php?rest_route=\/wp\/v2\/users\/1"}],"replies":[{"embeddable":true,"href":"http:\/\/www.crssroman.ro\/index.php?rest_route=%2Fwp%2Fv2%2Fcomments&post=82"}],"version-history":[{"count":3,"href":"http:\/\/www.crssroman.ro\/index.php?rest_route=\/wp\/v2\/pages\/82\/revisions"}],"predecessor-version":[{"id":85,"href":"http:\/\/www.crssroman.ro\/index.php?rest_route=\/wp\/v2\/pages\/82\/revisions\/85"}],"wp:attachment":[{"href":"http:\/\/www.crssroman.ro\/index.php?rest_route=%2Fwp%2Fv2%2Fmedia&parent=82"}],"curies":[{"name":"wp","href":"https:\/\/api.w.org\/{rel}","templated":true}]}}