{"id":88,"date":"2020-09-15T09:54:10","date_gmt":"2020-09-15T09:54:10","guid":{"rendered":"http:\/\/www.cspahroman.ro\/?page_id=88"},"modified":"2020-09-15T09:54:10","modified_gmt":"2020-09-15T09:54:10","slug":"drepturi-si-facilitati-sociale","status":"publish","type":"page","link":"http:\/\/www.crssroman.ro\/?page_id=88","title":{"rendered":"Drepturi si facilitati sociale"},"content":{"rendered":"\n<p><strong>CARTA DREPTURILOR BENEFICIARILOR<\/strong>\u00a0<\/p>\n\n\n\n<p><strong>Beneficiarilor\nComplexului de Servicii pentru Persoane Adulte cu Handicap Roman&nbsp;le&nbsp;sunt\ngarantate urm\u0103toarele drepturi:<\/strong>&nbsp;<\/p>\n\n\n\n<ol class=\"wp-block-list\"><li><strong>de a fi informa\u0163i<\/strong>, ei \u015fi\nreprezentan\u0163ii lor, asupra&nbsp;<strong>drepturilor \u015fi responsabilit\u0103\u0163ilor<\/strong>&nbsp;lor\n\u00een calitate de beneficiari ai centrului reziden\u0163ial \u015fi de a fi consulta\u0163i cu\nprivire la toate deciziile care \u00eei privesc;&nbsp;<\/li><li>de a-\u015fi desf\u0103\u015fura via\u0163a\n\u00eentr-un&nbsp;<strong>mediu fizic accesibil<\/strong>, sigur, func\u0163ional \u015fi intim;&nbsp;<\/li><li><strong>de a decide \u015fi a-\u015fi asuma\nriscurile<\/strong>&nbsp;\u00een mod direct sau prin reprezentan\u0163i legali\n\u00een toate aspectele vie\u0163ii lor \u015fi de a-\u015fi exprima liber op\u0163iunile;&nbsp;<\/li><li><strong>de a g\u00e2ndi \u015fi ac\u0163iona autonom<\/strong>, cu\nrespectarea drepturilor celorlal\u0163i beneficiari, conform poten\u0163ialului \u015fi\ndorin\u0163elor personale;&nbsp;<\/li><li><strong>de a fi informa\u0163i<\/strong>&nbsp;cu\nprivire la&nbsp;<strong>starea lor de s\u0103n\u0103tate<\/strong>;&nbsp;<\/li><li><strong>de a consim\u0163i asupra serviciilor<\/strong>&nbsp;asigurate\nprin contractul de furnizare servicii;&nbsp;<\/li><li><strong>de a beneficia de serviciile<\/strong>&nbsp;men\u0163ionate\n\u00een contractul de furnizare servicii;&nbsp;<\/li><li>de a li se p\u0103stra datele\npersonale \u00een siguran\u0163\u0103 \u015fi&nbsp;<strong>confiden\u0163ialitate<\/strong>;&nbsp;<\/li><li>de a&nbsp;<strong>nu fi abuza\u0163i,\nneglija\u0163i, abandona\u0163i, pedepsi\u0163i, h\u0103r\u0163ui\u0163i sau exploata\u0163i<\/strong>;&nbsp;<\/li><li>de&nbsp;<strong>a face sugestii \u015fi\nreclama\u0163ii<\/strong>&nbsp;f\u0103r\u0103 team\u0103 de consecin\u0163e;&nbsp;<\/li><li>de&nbsp;<strong>a nu fi exploata\u0163i\neconomic&nbsp;<\/strong>privind banii, propriet\u0103\u0163ile sau s\u0103 le fie pretinse sume\nb\u0103ne\u015fti ce dep\u0103\u015fesc taxele convenite pentru servicii;&nbsp;<\/li><li>de&nbsp;<strong>a nu li se impune\nrestric\u0163ii<\/strong>&nbsp;de natur\u0103 fizic\u0103 ori psihic\u0103, \u00een afara celor stabilite de\nmedic sau alt personal calificat, precum \u015fi a celor convenite prin contractul\nde furnizare servicii;&nbsp;<\/li><li>de a fi trata\u0163i \u015fi de a avea\nacces la servicii,&nbsp;<strong>f\u0103r\u0103 discriminare<\/strong>;&nbsp;<\/li><li>de a beneficia de&nbsp;<strong>intimitate<\/strong>;&nbsp;<\/li><li>de a-\u015fi manifesta \u015fi exercita\nliber&nbsp;<strong>orient\u0103rile \u015fi interesele culturale, etnice, religioase, sexuale<\/strong>,\nconform legii;&nbsp;<\/li><li>de&nbsp;<strong>a-\u015fi utiliza<\/strong>&nbsp;a\u015fa\ncum doresc&nbsp;<strong>lucrurile personale<\/strong>;&nbsp;<\/li><li>de&nbsp;<strong>a-\u015fi gestiona&nbsp;<\/strong>a\u015fa\ncum doresc&nbsp;<strong>resursele financiare<\/strong>, cu excep\u0163ia cazurilor de\nrestric\u0163ie legal\u0103 sau a acordurilor scrise \u00eentre locuin\u0163a protejat\u0103 \u015fi\nbeneficiar\/reprezentantul s\u0103u legal privind gestionarea banilor \u015fi bunurilor;&nbsp;<\/li><li>de a practica cultul religios\ndorit;&nbsp;<\/li><\/ol>\n\n\n\n<p>19.&nbsp; de&nbsp;<strong>a nu desf\u0103\u015fura\nactivit\u0103\u0163i lucrative<\/strong>, aduc\u0103toare de venituri pentru centrul\nreziden\u0163ial,&nbsp;<strong>\u00eempotriva voin\u0163ei lor<\/strong>;&nbsp;<\/p>\n\n\n\n<ul class=\"wp-block-list\"><li>de&nbsp;<strong>a accesa toate\nspa\u0163iile \u015fi echipamentele comune<\/strong>;&nbsp;<\/li><li>de a avea&nbsp;<strong>acces la toate\ninforma\u0163iile<\/strong>&nbsp;<strong>financiare care \u00eei privesc<\/strong>, de\u0163inute de centrul\nreziden\u0163ial;&nbsp;<\/li><li><strong>de a fi informa\u0163i<\/strong>&nbsp;la\nzi, \u00een mod complet \u015fi accesibil, \u00een format clasic sau adaptat, despre&nbsp;<strong>procedurile\naplicate<\/strong>&nbsp;\u00een centrul reziden\u0163ial \u015fi de a-\u015fi putea exprima liber opiniile\n\u00een leg\u0103tur\u0103 cu acestea;&nbsp;<\/li><li>de&nbsp;<strong>a fi informa\u0163i<\/strong>&nbsp;cu\nprivire la toate&nbsp;<strong>activit\u0103\u0163ile desf\u0103\u015furate<\/strong>&nbsp;\u00een centrul\nreziden\u0163ial;&nbsp;<\/li><li>de&nbsp;<strong>a fi consulta\u0163i<\/strong>&nbsp;cu\nprivire la&nbsp;<strong>serviciile furnizate<\/strong>, inclusiv dreptul de a refuza unele\nservicii \u00een anumite circumstan\u0163e stabilite prin contractul de furnizare\nservicii;&nbsp;<\/li><li>de&nbsp;<strong>a fi trata\u0163i\nindividualizat<\/strong>, pentru o valorizare maximal\u0103 a poten\u0163ialului personal.&nbsp;<\/li><\/ul>\n\n\n\n<ul class=\"wp-block-list\"><li><strong>FACILITATI SOCIALE<\/strong><\/li><li>colaborari cu persoane\njuridice, publice ori private in vederea desfasurii de manifestari si\nactivitati artistice, culturale, sportive si de petrecere a timpului liber;<\/li><li>crearea de conditii\npentru practicarea sportului si sprijinirea organizarii de activitati sportive\nin cadrul centrului si in comunitate;<\/li><li>persoanele cu dizabilitati\nbeneficiaza de bilete gratuite la spectacole, muzee, manifestari artistice si\nsportive;<\/li><li>colaborarea cu institutii\nin vederea desfasurarii evenimentelor artistice;<\/li><li>sprijinirea\nbeneficiarului in vederea integrarii acestuia in societate, prin accesarea unui\nloc de munca si a unei locuinte;<\/li><li>identificarea si\nsustinerea beneficiarilor in vederea participarii la cursuri de calificare\nprofesionala si suport in integrarea socio-profesionala;<\/li><li>valorificarea\npotentialului beneficiarului prin exersarea cunostintelor si a abilitatilor\npractice si sociale in scop lucrativ in diferite targuri organizate de\nD.G.A.S.P.C. Neamt, Consiliul judetean Neamt, Consiliul Local Roman etc..<\/li><\/ul>\n","protected":false},"excerpt":{"rendered":"<p class=\"text-justify\">CARTA DREPTURILOR BENEFICIARILOR\u00a0 Beneficiarilor Complexului de Servicii pentru Persoane Adulte cu Handicap Roman&nbsp;le&nbsp;sunt garantate urm\u0103toarele drepturi:&nbsp; de a fi informa\u0163i, ei \u015fi reprezentan\u0163ii lor, asupra&nbsp;drepturilor \u015fi responsabilit\u0103\u0163ilor&nbsp;lor \u00een calitate de [&hellip;]<\/p>\n","protected":false},"author":1,"featured_media":0,"parent":0,"menu_order":0,"comment_status":"closed","ping_status":"closed","template":"","meta":{"footnotes":""},"class_list":["post-88","page","type-page","status-publish","hentry"],"_links":{"self":[{"href":"http:\/\/www.crssroman.ro\/index.php?rest_route=\/wp\/v2\/pages\/88","targetHints":{"allow":["GET"]}}],"collection":[{"href":"http:\/\/www.crssroman.ro\/index.php?rest_route=\/wp\/v2\/pages"}],"about":[{"href":"http:\/\/www.crssroman.ro\/index.php?rest_route=\/wp\/v2\/types\/page"}],"author":[{"embeddable":true,"href":"http:\/\/www.crssroman.ro\/index.php?rest_route=\/wp\/v2\/users\/1"}],"replies":[{"embeddable":true,"href":"http:\/\/www.crssroman.ro\/index.php?rest_route=%2Fwp%2Fv2%2Fcomments&post=88"}],"version-history":[{"count":1,"href":"http:\/\/www.crssroman.ro\/index.php?rest_route=\/wp\/v2\/pages\/88\/revisions"}],"predecessor-version":[{"id":89,"href":"http:\/\/www.crssroman.ro\/index.php?rest_route=\/wp\/v2\/pages\/88\/revisions\/89"}],"wp:attachment":[{"href":"http:\/\/www.crssroman.ro\/index.php?rest_route=%2Fwp%2Fv2%2Fmedia&parent=88"}],"curies":[{"name":"wp","href":"https:\/\/api.w.org\/{rel}","templated":true}]}}